{"id":1083,"date":"2024-10-17T17:01:54","date_gmt":"2024-10-17T15:01:54","guid":{"rendered":"https:\/\/scavengers.cat\/noticies\/"},"modified":"2025-01-07T17:45:51","modified_gmt":"2025-01-07T16:45:51","slug":"noticies","status":"publish","type":"page","link":"https:\/\/scavengers.cat\/ca\/noticies\/","title":{"rendered":"Not\u00edcies"},"content":{"rendered":"<p>[et_pb_section fb_built=&#8221;1&#8243; admin_label=&#8221;Header&#8221; _builder_version=&#8221;4.27.4&#8243; _module_preset=&#8221;default&#8221; background_color=&#8221;#000000&#8243; use_background_color_gradient=&#8221;on&#8221; background_color_gradient_stops=&#8221;rgba(0,0,0,0.38) 0%|rgba(0,0,0,0.58) 100%&#8221; background_color_gradient_overlays_image=&#8221;on&#8221; background_image=&#8221;https:\/\/scavengers.cat\/wp-content\/uploads\/2024\/11\/News-scaled.jpg&#8221; height=&#8221;274px&#8221; height_tablet=&#8221;240px&#8221; height_phone=&#8221;210px&#8221; height_last_edited=&#8221;on|tablet&#8221; custom_padding=&#8221;70px||0px|||&#8221; locked=&#8221;off&#8221; global_colors_info=&#8221;{}&#8221;][et_pb_row column_structure=&#8221;2_5,3_5&#8243; use_custom_gutter=&#8221;on&#8221; gutter_width=&#8221;1&#8243; make_equal=&#8221;on&#8221; admin_label=&#8221;T\u00edtol&#8221; _builder_version=&#8221;4.27.2&#8243; module_alignment=&#8221;center&#8221; custom_margin=&#8221;-6px|auto||auto|false|false&#8221; custom_padding=&#8221;0px||0px|0px|false|false&#8221; saved_tabs=&#8221;all&#8221; global_colors_info=&#8221;{}&#8221;][et_pb_column type=&#8221;2_5&#8243; _builder_version=&#8221;4.27.2&#8243; background_enable_color=&#8221;off&#8221; custom_padding=&#8221;30px|30px|10px|0px|false|false&#8221; custom_padding_tablet=&#8221;30px|30px|10px|30px|false|true&#8221; custom_padding_phone=&#8221;30px|30px|10px|30px|false|true&#8221; custom_padding_last_edited=&#8221;on|tablet&#8221; global_colors_info=&#8221;{}&#8221; padding_phone=&#8221;|40px||40px&#8221; padding_last_edited=&#8221;on|phone&#8221; custom_padding__hover=&#8221;|||&#8221;][et_pb_text admin_label=&#8221;Title&#8221; _builder_version=&#8221;4.27.3&#8243; text_font=&#8221;||||||||&#8221; header_font=&#8221;Alegreya||||||||&#8221; header_text_color=&#8221;#FFFFFF&#8221; header_2_font=&#8221;Alegreya|600|||||||&#8221; header_2_text_align=&#8221;left&#8221; header_2_text_color=&#8221;#FFFFFF&#8221; header_2_font_size=&#8221;36px&#8221; header_2_line_height=&#8221;1.2em&#8221; text_orientation=&#8221;center&#8221; custom_margin=&#8221;||0px|&#8221; animation_style=&#8221;fade&#8221; header_2_text_align_tablet=&#8221;center&#8221; header_2_text_align_phone=&#8221;center&#8221; header_2_text_align_last_edited=&#8221;on|tablet&#8221; locked=&#8221;off&#8221; global_colors_info=&#8221;{}&#8221;]<\/p>\n<h2>NOT\u00cdCIES<\/h2>\n<p>[\/et_pb_text][et_pb_divider color=&#8221;#fdb467&#8243; divider_position=&#8221;center&#8221; divider_weight=&#8221;3px&#8221; _builder_version=&#8221;4.27.3&#8243; max_width=&#8221;50px&#8221; module_alignment=&#8221;left&#8221; custom_margin=&#8221;||20px|&#8221; animation_style=&#8221;slide&#8221; animation_intensity_slide=&#8221;10%&#8221; animation_starting_opacity=&#8221;100%&#8221; module_alignment_tablet=&#8221;center&#8221; module_alignment_phone=&#8221;center&#8221; module_alignment_last_edited=&#8221;on|tablet&#8221; locked=&#8221;off&#8221; global_colors_info=&#8221;{}&#8221;][\/et_pb_divider][\/et_pb_column][et_pb_column type=&#8221;3_5&#8243; _builder_version=&#8221;4.27.2&#8243; background_enable_color=&#8221;off&#8221; custom_padding=&#8221;30px|30px|10px|30px|false|true&#8221; custom_padding_tablet=&#8221;30px|30px|10px|30px|false|true&#8221; custom_padding_phone=&#8221;30px|30px|10px|30px|false|true&#8221; custom_padding_last_edited=&#8221;on|tablet&#8221; global_colors_info=&#8221;{}&#8221; padding_phone=&#8221;|40px||40px&#8221; padding_last_edited=&#8221;on|phone&#8221; custom_padding__hover=&#8221;|||&#8221;][\/et_pb_column][\/et_pb_row][et_pb_row column_structure=&#8221;2_3,1_3&#8243; use_custom_gutter=&#8221;on&#8221; gutter_width=&#8221;1&#8243; disabled_on=&#8221;on|on|off&#8221; admin_label=&#8221;Cita&#8221; _builder_version=&#8221;4.27.2&#8243; positioning=&#8221;absolute&#8221; position_origin_a=&#8221;bottom_center&#8221; vertical_offset=&#8221;-100px&#8221; z_index=&#8221;10&#8243; custom_margin_last_edited=&#8221;off|desktop&#8221; saved_tabs=&#8221;all&#8221; global_colors_info=&#8221;{}&#8221;][et_pb_column type=&#8221;2_3&#8243; _builder_version=&#8221;4.27.2&#8243; background_enable_color=&#8221;off&#8221; custom_padding=&#8221;60px|60px|60px|60px&#8221; custom_padding_tablet=&#8221;60px|60px|60px|60px&#8221; custom_padding_phone=&#8221;|40px||40px&#8221; custom_padding_last_edited=&#8221;on|phone&#8221; global_colors_info=&#8221;{}&#8221; padding_phone=&#8221;|40px||40px&#8221; padding_last_edited=&#8221;on|phone&#8221; custom_padding__hover=&#8221;|||&#8221;][\/et_pb_column][et_pb_column type=&#8221;1_3&#8243; _builder_version=&#8221;4.27.2&#8243; background_color=&#8221;#efe9e4&#8243; custom_padding=&#8221;30px|30px|10px|30px|false|true&#8221; custom_padding_tablet=&#8221;60px|60px|60px|60px&#8221; custom_padding_phone=&#8221;|40px||40px&#8221; custom_padding_last_edited=&#8221;on|phone&#8221; box_shadow_style=&#8221;preset4&#8243; box_shadow_horizontal=&#8221;5px&#8221; box_shadow_vertical=&#8221;5px&#8221; box_shadow_color=&#8221;#FBB468&#8243; global_colors_info=&#8221;{}&#8221; padding_phone=&#8221;|40px||40px&#8221; padding_last_edited=&#8221;on|phone&#8221; custom_padding__hover=&#8221;|||&#8221;][et_pb_text admin_label=&#8221;Cita&#8221; _builder_version=&#8221;4.27.2&#8243; text_font=&#8221;Alegreya Sans||on||||||&#8221; text_text_color=&#8221;#3a3a3a&#8221; text_font_size=&#8221;20px&#8221; text_line_height=&#8221;1.2em&#8221; header_font=&#8221;||||||||&#8221; header_font_size=&#8221;16px&#8221; header_2_font=&#8221;Poppins|600|||||||&#8221; header_2_font_size=&#8221;29px&#8221; header_2_line_height=&#8221;1.2em&#8221; header_3_font=&#8221;Poppins||||||||&#8221; header_3_font_size=&#8221;27px&#8221; custom_margin=&#8221;||-10px|||&#8221; custom_padding=&#8221;||12px|||&#8221; animation_style=&#8221;fade&#8221; text_font_size_tablet=&#8221;23px&#8221; text_font_size_phone=&#8221;23px&#8221; text_font_size_last_edited=&#8221;on|phone&#8221; header_font_size_tablet=&#8221;16px&#8221; header_font_size_phone=&#8221;16px&#8221; header_font_size_last_edited=&#8221;on|desktop&#8221; locked=&#8221;off&#8221; global_colors_info=&#8221;{}&#8221;]<\/p>\n<p>Si no pots explicar-ho de manera senzilla, \u00e9s que no ho entens prou b\u00e9.<\/p>\n<p>[\/et_pb_text][et_pb_divider color=&#8221;#fdb467&#8243; divider_position=&#8221;center&#8221; divider_weight=&#8221;3px&#8221; _builder_version=&#8221;4.27.2&#8243; max_width=&#8221;50px&#8221; animation_style=&#8221;slide&#8221; animation_direction=&#8221;top&#8221; animation_intensity_slide=&#8221;10%&#8221; animation_starting_opacity=&#8221;100%&#8221; locked=&#8221;off&#8221; global_colors_info=&#8221;{}&#8221;][\/et_pb_divider][et_pb_testimonial quote_icon=&#8221;off&#8221; quote_icon_color=&#8221;#ffffff&#8221; quote_icon_background_color=&#8221;#fdb467&#8243; admin_label=&#8221;Autor&#8221; _builder_version=&#8221;4.27.2&#8243; body_font=&#8221;Poppins||on||||||&#8221; body_font_size=&#8221;15px&#8221; body_line_height=&#8221;1.8em&#8221; use_background_color=&#8221;off&#8221; custom_margin=&#8221;1px||-11px|||&#8221; custom_padding=&#8221;3px||9px|||&#8221; animation_style=&#8221;fold&#8221; animation_direction=&#8221;bottom&#8221; animation_intensity_fold=&#8221;10%&#8221; animation_starting_opacity=&#8221;100%&#8221; global_colors_info=&#8221;{}&#8221;]<\/p>\n<p>Albert Einstein<\/p>\n<p>[\/et_pb_testimonial][\/et_pb_column][\/et_pb_row][\/et_pb_section][et_pb_section fb_built=&#8221;1&#8243; disabled_on=&#8221;off|off|on&#8221; _builder_version=&#8221;4.27.4&#8243; _module_preset=&#8221;default&#8221; background_color=&#8221;#EFE9E4&#8243; custom_padding=&#8221;5px||5px|||&#8221; border_width_bottom=&#8221;5px&#8221; border_color_bottom=&#8221;#FBB468&#8243; global_colors_info=&#8221;{}&#8221;][et_pb_row _builder_version=&#8221;4.27.3&#8243; _module_preset=&#8221;default&#8221; custom_padding=&#8221;12px||8px|||&#8221; global_colors_info=&#8221;{}&#8221;][et_pb_column type=&#8221;4_4&#8243; _builder_version=&#8221;4.27.3&#8243; _module_preset=&#8221;default&#8221; global_colors_info=&#8221;{}&#8221;][et_pb_text admin_label=&#8221;Cita Tab+Mob&#8221; _builder_version=&#8221;4.27.4&#8243; text_font=&#8221;Alegreya Sans||on||||||&#8221; text_text_color=&#8221;#3a3a3a&#8221; text_font_size=&#8221;20px&#8221; text_line_height=&#8221;1.2em&#8221; header_font=&#8221;||||||||&#8221; header_font_size=&#8221;16px&#8221; header_2_font=&#8221;Poppins|600|||||||&#8221; header_2_font_size=&#8221;29px&#8221; header_2_line_height=&#8221;1.2em&#8221; header_3_font=&#8221;Poppins||||||||&#8221; header_3_font_size=&#8221;27px&#8221; custom_margin=&#8221;||-10px|||&#8221; custom_padding=&#8221;||12px|||&#8221; animation_style=&#8221;fade&#8221; text_font_size_tablet=&#8221;20px&#8221; text_font_size_phone=&#8221;20px&#8221; text_font_size_last_edited=&#8221;on|phone&#8221; header_font_size_tablet=&#8221;16px&#8221; header_font_size_phone=&#8221;16px&#8221; header_font_size_last_edited=&#8221;on|desktop&#8221; saved_tabs=&#8221;all&#8221; locked=&#8221;off&#8221; global_colors_info=&#8221;{}&#8221;]<\/p>\n<p style=\"text-align: center;\"><strong>\u201cSi no pots explicar-ho de manera senzilla, \u00e9s que no ho entens prou b\u00e9.\u201d<\/strong> &#8211; Albert Einstein<\/p>\n<p>[\/et_pb_text][\/et_pb_column][\/et_pb_row][\/et_pb_section][et_pb_section fb_built=&#8221;1&#8243; custom_padding_last_edited=&#8221;on|tablet&#8221; admin_label=&#8221;Resident Artists&#8221; _builder_version=&#8221;4.27.3&#8243; background_color=&#8221;#282624&#8243; background_enable_image=&#8221;off&#8221; custom_padding=&#8221;150px||90px|||&#8221; custom_padding_tablet=&#8221;75px||||false|false&#8221; custom_padding_phone=&#8221;75px||||false|false&#8221; locked=&#8221;off&#8221; global_colors_info=&#8221;{}&#8221;][et_pb_row _builder_version=&#8221;4.27.2&#8243; custom_padding=&#8221;30px||60px||false|false&#8221; locked=&#8221;off&#8221; global_colors_info=&#8221;{}&#8221;][et_pb_column type=&#8221;4_4&#8243; _builder_version=&#8221;4.16&#8243; custom_padding=&#8221;|||&#8221; global_colors_info=&#8221;{}&#8221; custom_padding__hover=&#8221;|||&#8221;][et_pb_blog fullwidth=&#8221;off&#8221; excerpt_length=&#8221;150&#8243; show_more=&#8221;on&#8221; show_author=&#8221;off&#8221; show_categories=&#8221;off&#8221; masonry_tile_background_color=&#8221;#EFE9E4&#8243; _builder_version=&#8221;4.27.2&#8243; _dynamic_attributes=&#8221;link_option_url&#8221; _module_preset=&#8221;default&#8221; header_text_color=&#8221;#000000&#8243; header_font_size=&#8221;21px&#8221; body_font_size=&#8221;15px&#8221; meta_text_color=&#8221;#5e5e5e&#8221; meta_font_size=&#8221;14px&#8221; read_more_font=&#8221;||||||||&#8221; read_more_text_color=&#8221;#db8e00&#8243; read_more_line_height=&#8221;2.1em&#8221; link_option_url=&#8221;@ET-DC@eyJkeW5hbWljIjp0cnVlLCJjb250ZW50IjoicG9zdF9saW5rX3VybF9wb3N0Iiwic2V0dGluZ3MiOnsicG9zdF9pZCI6IjU5MiIsImVuYWJsZV9odG1sIjoib2ZmIn19@&#8221; box_shadow_style=&#8221;preset4&#8243; box_shadow_horizontal=&#8221;5px&#8221; box_shadow_vertical=&#8221;5px&#8221; box_shadow_color=&#8221;#fbb468&#8243; global_colors_info=&#8221;{}&#8221;][\/et_pb_blog][\/et_pb_column][\/et_pb_row][\/et_pb_section]<\/p>\n","protected":false},"excerpt":{"rendered":"<p>NOT\u00cdCIESSi no pots explicar-ho de manera senzilla, \u00e9s que no ho entens prou b\u00e9.Albert Einstein\u201cSi no pots explicar-ho de manera senzilla, \u00e9s que no ho entens prou b\u00e9.\u201d &#8211; Albert Einstein<\/p>\n","protected":false},"author":1,"featured_media":0,"parent":0,"menu_order":0,"comment_status":"closed","ping_status":"closed","template":"","meta":{"_acf_changed":false,"_et_pb_use_builder":"on","_et_pb_old_content":"","_et_gb_content_width":"","footnotes":""},"class_list":["post-1083","page","type-page","status-publish","hentry"],"acf":[],"yoast_head":"<!-- This site is optimized with the Yoast SEO plugin v26.8 - https:\/\/yoast.com\/product\/yoast-seo-wordpress\/ -->\n<title>Not\u00edcies - Scavengers ERC<\/title>\n<meta name=\"robots\" content=\"index, follow, max-snippet:-1, max-image-preview:large, max-video-preview:-1\" \/>\n<link rel=\"canonical\" href=\"https:\/\/scavengers.cat\/ca\/noticies\/\" \/>\n<meta property=\"og:locale\" content=\"ca_ES\" \/>\n<meta property=\"og:type\" content=\"article\" \/>\n<meta property=\"og:title\" content=\"Not\u00edcies - Scavengers ERC\" \/>\n<meta property=\"og:description\" content=\"NOT\u00cdCIESSi no pots explicar-ho de manera senzilla, \u00e9s que no ho entens prou b\u00e9.Albert Einstein\u201cSi no pots explicar-ho de manera senzilla, \u00e9s que no ho entens prou b\u00e9.\u201d - Albert Einstein\" \/>\n<meta property=\"og:url\" content=\"https:\/\/scavengers.cat\/ca\/noticies\/\" \/>\n<meta property=\"og:site_name\" content=\"Scavengers ERC\" \/>\n<meta property=\"article:publisher\" content=\"https:\/\/www.facebook.com\/profile.php?id=61555311726016\" \/>\n<meta property=\"article:modified_time\" content=\"2025-01-07T16:45:51+00:00\" \/>\n<meta name=\"twitter:card\" content=\"summary_large_image\" \/>\n<meta name=\"twitter:site\" content=\"@Scavengers_ERC\" \/>\n<meta name=\"twitter:label1\" content=\"Temps estimat de lectura\" \/>\n\t<meta name=\"twitter:data1\" content=\"6 minuts\" \/>\n<script type=\"application\/ld+json\" class=\"yoast-schema-graph\">{\"@context\":\"https:\/\/schema.org\",\"@graph\":[{\"@type\":\"WebPage\",\"@id\":\"https:\/\/scavengers.cat\/ca\/noticies\/\",\"url\":\"https:\/\/scavengers.cat\/ca\/noticies\/\",\"name\":\"Not\u00edcies - Scavengers ERC\",\"isPartOf\":{\"@id\":\"https:\/\/scavengers.cat\/ca\/#website\"},\"datePublished\":\"2024-10-17T15:01:54+00:00\",\"dateModified\":\"2025-01-07T16:45:51+00:00\",\"breadcrumb\":{\"@id\":\"https:\/\/scavengers.cat\/ca\/noticies\/#breadcrumb\"},\"inLanguage\":\"ca\",\"potentialAction\":[{\"@type\":\"ReadAction\",\"target\":[\"https:\/\/scavengers.cat\/ca\/noticies\/\"]}]},{\"@type\":\"BreadcrumbList\",\"@id\":\"https:\/\/scavengers.cat\/ca\/noticies\/#breadcrumb\",\"itemListElement\":[{\"@type\":\"ListItem\",\"position\":1,\"name\":\"Inici\",\"item\":\"https:\/\/scavengers.cat\/ca\/inici\/\"},{\"@type\":\"ListItem\",\"position\":2,\"name\":\"Not\u00edcies\"}]},{\"@type\":\"WebSite\",\"@id\":\"https:\/\/scavengers.cat\/ca\/#website\",\"url\":\"https:\/\/scavengers.cat\/ca\/\",\"name\":\"Scavengers ERC\",\"description\":\"\",\"publisher\":{\"@id\":\"https:\/\/scavengers.cat\/ca\/#organization\"},\"potentialAction\":[{\"@type\":\"SearchAction\",\"target\":{\"@type\":\"EntryPoint\",\"urlTemplate\":\"https:\/\/scavengers.cat\/ca\/?s={search_term_string}\"},\"query-input\":{\"@type\":\"PropertyValueSpecification\",\"valueRequired\":true,\"valueName\":\"search_term_string\"}}],\"inLanguage\":\"ca\"},{\"@type\":\"Organization\",\"@id\":\"https:\/\/scavengers.cat\/ca\/#organization\",\"name\":\"Scavengers ERC\",\"url\":\"https:\/\/scavengers.cat\/ca\/\",\"logo\":{\"@type\":\"ImageObject\",\"inLanguage\":\"ca\",\"@id\":\"https:\/\/scavengers.cat\/ca\/#\/schema\/logo\/image\/\",\"url\":\"https:\/\/scavengers.cat\/wp-content\/uploads\/2025\/01\/logo_scv.png\",\"contentUrl\":\"https:\/\/scavengers.cat\/wp-content\/uploads\/2025\/01\/logo_scv.png\",\"width\":300,\"height\":143,\"caption\":\"Scavengers ERC\"},\"image\":{\"@id\":\"https:\/\/scavengers.cat\/ca\/#\/schema\/logo\/image\/\"},\"sameAs\":[\"https:\/\/www.facebook.com\/profile.php?id=61555311726016\",\"https:\/\/x.com\/Scavengers_ERC\",\"https:\/\/www.instagram.com\/scavengers_erc\/\"]}]}<\/script>\n<!-- \/ Yoast SEO plugin. -->","yoast_head_json":{"title":"Not\u00edcies - Scavengers ERC","robots":{"index":"index","follow":"follow","max-snippet":"max-snippet:-1","max-image-preview":"max-image-preview:large","max-video-preview":"max-video-preview:-1"},"canonical":"https:\/\/scavengers.cat\/ca\/noticies\/","og_locale":"ca_ES","og_type":"article","og_title":"Not\u00edcies - Scavengers ERC","og_description":"NOT\u00cdCIESSi no pots explicar-ho de manera senzilla, \u00e9s que no ho entens prou b\u00e9.Albert Einstein\u201cSi no pots explicar-ho de manera senzilla, \u00e9s que no ho entens prou b\u00e9.\u201d - Albert Einstein","og_url":"https:\/\/scavengers.cat\/ca\/noticies\/","og_site_name":"Scavengers ERC","article_publisher":"https:\/\/www.facebook.com\/profile.php?id=61555311726016","article_modified_time":"2025-01-07T16:45:51+00:00","twitter_card":"summary_large_image","twitter_site":"@Scavengers_ERC","twitter_misc":{"Temps estimat de lectura":"6 minuts"},"schema":{"@context":"https:\/\/schema.org","@graph":[{"@type":"WebPage","@id":"https:\/\/scavengers.cat\/ca\/noticies\/","url":"https:\/\/scavengers.cat\/ca\/noticies\/","name":"Not\u00edcies - Scavengers ERC","isPartOf":{"@id":"https:\/\/scavengers.cat\/ca\/#website"},"datePublished":"2024-10-17T15:01:54+00:00","dateModified":"2025-01-07T16:45:51+00:00","breadcrumb":{"@id":"https:\/\/scavengers.cat\/ca\/noticies\/#breadcrumb"},"inLanguage":"ca","potentialAction":[{"@type":"ReadAction","target":["https:\/\/scavengers.cat\/ca\/noticies\/"]}]},{"@type":"BreadcrumbList","@id":"https:\/\/scavengers.cat\/ca\/noticies\/#breadcrumb","itemListElement":[{"@type":"ListItem","position":1,"name":"Inici","item":"https:\/\/scavengers.cat\/ca\/inici\/"},{"@type":"ListItem","position":2,"name":"Not\u00edcies"}]},{"@type":"WebSite","@id":"https:\/\/scavengers.cat\/ca\/#website","url":"https:\/\/scavengers.cat\/ca\/","name":"Scavengers ERC","description":"","publisher":{"@id":"https:\/\/scavengers.cat\/ca\/#organization"},"potentialAction":[{"@type":"SearchAction","target":{"@type":"EntryPoint","urlTemplate":"https:\/\/scavengers.cat\/ca\/?s={search_term_string}"},"query-input":{"@type":"PropertyValueSpecification","valueRequired":true,"valueName":"search_term_string"}}],"inLanguage":"ca"},{"@type":"Organization","@id":"https:\/\/scavengers.cat\/ca\/#organization","name":"Scavengers ERC","url":"https:\/\/scavengers.cat\/ca\/","logo":{"@type":"ImageObject","inLanguage":"ca","@id":"https:\/\/scavengers.cat\/ca\/#\/schema\/logo\/image\/","url":"https:\/\/scavengers.cat\/wp-content\/uploads\/2025\/01\/logo_scv.png","contentUrl":"https:\/\/scavengers.cat\/wp-content\/uploads\/2025\/01\/logo_scv.png","width":300,"height":143,"caption":"Scavengers ERC"},"image":{"@id":"https:\/\/scavengers.cat\/ca\/#\/schema\/logo\/image\/"},"sameAs":["https:\/\/www.facebook.com\/profile.php?id=61555311726016","https:\/\/x.com\/Scavengers_ERC","https:\/\/www.instagram.com\/scavengers_erc\/"]}]}},"_links":{"self":[{"href":"https:\/\/scavengers.cat\/ca\/wp-json\/wp\/v2\/pages\/1083","targetHints":{"allow":["GET"]}}],"collection":[{"href":"https:\/\/scavengers.cat\/ca\/wp-json\/wp\/v2\/pages"}],"about":[{"href":"https:\/\/scavengers.cat\/ca\/wp-json\/wp\/v2\/types\/page"}],"author":[{"embeddable":true,"href":"https:\/\/scavengers.cat\/ca\/wp-json\/wp\/v2\/users\/1"}],"replies":[{"embeddable":true,"href":"https:\/\/scavengers.cat\/ca\/wp-json\/wp\/v2\/comments?post=1083"}],"version-history":[{"count":6,"href":"https:\/\/scavengers.cat\/ca\/wp-json\/wp\/v2\/pages\/1083\/revisions"}],"predecessor-version":[{"id":1230,"href":"https:\/\/scavengers.cat\/ca\/wp-json\/wp\/v2\/pages\/1083\/revisions\/1230"}],"wp:attachment":[{"href":"https:\/\/scavengers.cat\/ca\/wp-json\/wp\/v2\/media?parent=1083"}],"curies":[{"name":"wp","href":"https:\/\/api.w.org\/{rel}","templated":true}]}}